{"id":478,"date":"2023-07-21T10:48:50","date_gmt":"2023-07-21T08:48:50","guid":{"rendered":"https:\/\/stephanie-ayurveda.fr\/?page_id=478"},"modified":"2023-10-04T21:32:41","modified_gmt":"2023-10-04T19:32:41","slug":"mentions-legales","status":"publish","type":"page","link":"https:\/\/stephanie-ayurveda.fr\/index.php\/mentions-legales\/","title":{"rendered":"Mentions l\u00e9gales"},"content":{"rendered":"\t\t<div data-elementor-type=\"wp-page\" data-elementor-id=\"478\" class=\"elementor elementor-478\">\n\t\t\t\t\t\t\t\t\t<section class=\"elementor-section elementor-top-section elementor-element elementor-element-35e7458 elementor-section-boxed elementor-section-height-default elementor-section-height-default\" data-id=\"35e7458\" data-element_type=\"section\" data-settings=\"{&quot;jet_parallax_layout_list&quot;:[]}\">\n\t\t\t\t\t\t<div class=\"elementor-container elementor-column-gap-default\">\n\t\t\t\t\t<div class=\"elementor-column elementor-col-100 elementor-top-column elementor-element elementor-element-eb0d4a1\" data-id=\"eb0d4a1\" data-element_type=\"column\">\n\t\t\t<div class=\"elementor-widget-wrap elementor-element-populated\">\n\t\t\t\t\t\t\t\t<div class=\"elementor-element elementor-element-5ccfd89 elementor-widget elementor-widget-heading\" data-id=\"5ccfd89\" data-element_type=\"widget\" data-widget_type=\"heading.default\">\n\t\t\t\t<div class=\"elementor-widget-container\">\n\t\t\t<style>\/*! elementor - v3.16.0 - 20-09-2023 *\/\n.elementor-heading-title{padding:0;margin:0;line-height:1}.elementor-widget-heading .elementor-heading-title[class*=elementor-size-]>a{color:inherit;font-size:inherit;line-height:inherit}.elementor-widget-heading .elementor-heading-title.elementor-size-small{font-size:15px}.elementor-widget-heading .elementor-heading-title.elementor-size-medium{font-size:19px}.elementor-widget-heading .elementor-heading-title.elementor-size-large{font-size:29px}.elementor-widget-heading .elementor-heading-title.elementor-size-xl{font-size:39px}.elementor-widget-heading .elementor-heading-title.elementor-size-xxl{font-size:59px}<\/style><h2 class=\"elementor-heading-title elementor-size-default\">Mentions L\u00e9gales<\/h2>\t\t<\/div>\n\t\t\t\t<\/div>\n\t\t\t\t\t<\/div>\n\t\t<\/div>\n\t\t\t\t\t\t\t<\/div>\n\t\t<\/section>\n\t\t\t\t<section class=\"elementor-section elementor-top-section elementor-element elementor-element-38af121 elementor-section-boxed elementor-section-height-default elementor-section-height-default\" data-id=\"38af121\" data-element_type=\"section\" data-settings=\"{&quot;jet_parallax_layout_list&quot;:[]}\">\n\t\t\t\t\t\t<div class=\"elementor-container elementor-column-gap-default\">\n\t\t\t\t\t<div class=\"elementor-column elementor-col-100 elementor-top-column elementor-element elementor-element-7830b5d\" data-id=\"7830b5d\" data-element_type=\"column\">\n\t\t\t<div class=\"elementor-widget-wrap elementor-element-populated\">\n\t\t\t\t\t\t\t\t<div class=\"elementor-element elementor-element-ea2724c elementor-widget elementor-widget-text-editor\" data-id=\"ea2724c\" data-element_type=\"widget\" data-widget_type=\"text-editor.default\">\n\t\t\t\t<div class=\"elementor-widget-container\">\n\t\t\t<style>\/*! elementor - v3.16.0 - 20-09-2023 *\/\n.elementor-widget-text-editor.elementor-drop-cap-view-stacked .elementor-drop-cap{background-color:#69727d;color:#fff}.elementor-widget-text-editor.elementor-drop-cap-view-framed .elementor-drop-cap{color:#69727d;border:3px solid;background-color:transparent}.elementor-widget-text-editor:not(.elementor-drop-cap-view-default) .elementor-drop-cap{margin-top:8px}.elementor-widget-text-editor:not(.elementor-drop-cap-view-default) .elementor-drop-cap-letter{width:1em;height:1em}.elementor-widget-text-editor .elementor-drop-cap{float:left;text-align:center;line-height:1;font-size:50px}.elementor-widget-text-editor .elementor-drop-cap-letter{display:inline-block}<\/style>\t\t\t\t<p><strong>Nom du site :<\/strong> stephanie-ayurveda.fr<\/p>\n<p><strong>Responsable du site :<\/strong> St\u00e9phanie Gody<\/p>\n<p><strong>Adresse :<\/strong> 390 chemin des pr\u00e8s neufs, 26780 Allan<\/p>\n<p><strong>T\u00e9l\u00e9phone :<\/strong> 06.63.04.55.45<\/p>\n<p><strong>Adresse e-mail :<\/strong> godystephanie@gmail.com<\/p>\n<p><strong>Num\u00e9ro SIRET :<\/strong> 79058151600024<\/p>\n<p><strong>H\u00e9bergeur :&nbsp;<\/strong>OVH, 2 RUE KELLERMANN 59100 ROUBAIX<\/p>\n<p><strong>Propri\u00e9t\u00e9 intellectuelle :<\/strong> Tous les \u00e9l\u00e9ments du site stephanie-ayurveda.fr, qu&rsquo;ils soient visuels ou sonores, y compris la technologie sous-jacente, sont prot\u00e9g\u00e9s par le droit d&rsquo;auteur, des marques ou des brevets. Ils sont la propri\u00e9t\u00e9 exclusive de St\u00e9phanie Gody. Toute reproduction totale ou partielle du contenu du site est interdite sans autorisation pr\u00e9alable \u00e9crite.<\/p>\n<p><strong>Collecte des donn\u00e9es personnelles :<\/strong> Dans le cadre de nos prestations de massages ayurv\u00e9diques, nous sommes amen\u00e9s \u00e0 collecter et traiter des donn\u00e9es personnelles. Pour plus d&rsquo;informations sur la collecte, l&rsquo;utilisation et la protection de vos donn\u00e9es, veuillez consulter notre politique de confidentialit\u00e9.<\/p>\n<p><strong>Cookies :<\/strong> Le site stephanie-ayurveda.fr peut utiliser des cookies pour am\u00e9liorer l&rsquo;exp\u00e9rience de l&rsquo;utilisateur. En naviguant sur ce site, vous acceptez l&rsquo;utilisation de cookies conform\u00e9ment \u00e0 notre politique de cookies.<\/p>\n<p><strong>Liens externes :<\/strong> Notre site peut contenir des liens vers d&rsquo;autres sites internet. Nous ne pouvons pas \u00eatre tenus responsables du contenu ou des pratiques de confidentialit\u00e9 de ces sites tiers.<\/p>\n<p><strong>Litiges :<\/strong> En cas de litige li\u00e9 \u00e0 l&rsquo;utilisation du site stephanie-ayurveda.fr, le droit fran\u00e7ais s&rsquo;applique, et les tribunaux fran\u00e7ais seront comp\u00e9tents.<\/p>\n<p><strong>Modification des mentions l\u00e9gales :<\/strong> Nous nous r\u00e9servons le droit de modifier ces mentions l\u00e9gales \u00e0 tout moment. Les modifications prendront effet d\u00e8s leur publication sur le site.<\/p>\n<p><strong>Date de derni\u00e8re mise \u00e0 jour des mentions l\u00e9gales :<\/strong> 21 juillet 2023<\/p>\t\t\t\t\t\t<\/div>\n\t\t\t\t<\/div>\n\t\t\t\t\t<\/div>\n\t\t<\/div>\n\t\t\t\t\t\t\t<\/div>\n\t\t<\/section>\n\t\t\t\t\t\t\t<\/div>\n\t\t","protected":false},"excerpt":{"rendered":"<p>Mentions L\u00e9gales Nom du site : stephanie-ayurveda.fr Responsable du site : St\u00e9phanie Gody Adresse : 390 chemin des pr\u00e8s neufs, 26780 Allan T\u00e9l\u00e9phone : 06.63.04.55.45 Adresse e-mail : godystephanie@gmail.com Num\u00e9ro SIRET : 79058151600024 H\u00e9bergeur :&nbsp;OVH, 2 RUE KELLERMANN 59100 ROUBAIX Propri\u00e9t\u00e9 intellectuelle : Tous les \u00e9l\u00e9ments du site stephanie-ayurveda.fr, qu&rsquo;ils soient visuels ou sonores, y [&hellip;]<\/p>\n","protected":false},"author":1,"featured_media":0,"parent":0,"menu_order":0,"comment_status":"closed","ping_status":"closed","template":"elementor_header_footer","meta":{"footnotes":""},"class_list":["post-478","page","type-page","status-publish","hentry"],"acf":[],"yoast_head":"<!-- This site is optimized with the Yoast SEO plugin v21.3 - https:\/\/yoast.com\/wordpress\/plugins\/seo\/ -->\n<title>Mentions l\u00e9gales - St\u00e9phanie Ayurv\u00e9da<\/title>\n<meta name=\"robots\" content=\"noindex, nofollow\" \/>\n<meta property=\"og:locale\" content=\"fr_FR\" \/>\n<meta property=\"og:type\" content=\"article\" \/>\n<meta property=\"og:title\" content=\"Mentions l\u00e9gales - St\u00e9phanie Ayurv\u00e9da\" \/>\n<meta property=\"og:description\" content=\"Mentions L\u00e9gales Nom du site : stephanie-ayurveda.fr Responsable du site : St\u00e9phanie Gody Adresse : 390 chemin des pr\u00e8s neufs, 26780 Allan T\u00e9l\u00e9phone : 06.63.04.55.45 Adresse e-mail : godystephanie@gmail.com Num\u00e9ro SIRET : 79058151600024 H\u00e9bergeur :&nbsp;OVH, 2 RUE KELLERMANN 59100 ROUBAIX Propri\u00e9t\u00e9 intellectuelle : Tous les \u00e9l\u00e9ments du site stephanie-ayurveda.fr, qu&rsquo;ils soient visuels ou sonores, y [&hellip;]\" \/>\n<meta property=\"og:url\" content=\"https:\/\/stephanie-ayurveda.fr\/index.php\/mentions-legales\/\" \/>\n<meta property=\"og:site_name\" content=\"St\u00e9phanie Ayurv\u00e9da\" \/>\n<meta property=\"article:publisher\" content=\"https:\/\/www.facebook.com\/StephanieAyurveda\" \/>\n<meta property=\"article:modified_time\" content=\"2023-10-04T19:32:41+00:00\" \/>\n<meta name=\"twitter:card\" content=\"summary_large_image\" \/>\n<meta name=\"twitter:label1\" content=\"Dur\u00e9e de lecture estim\u00e9e\" \/>\n\t<meta name=\"twitter:data1\" content=\"2 minutes\" \/>\n<script type=\"application\/ld+json\" class=\"yoast-schema-graph\">{\"@context\":\"https:\/\/schema.org\",\"@graph\":[{\"@type\":\"WebPage\",\"@id\":\"https:\/\/stephanie-ayurveda.fr\/index.php\/mentions-legales\/\",\"url\":\"https:\/\/stephanie-ayurveda.fr\/index.php\/mentions-legales\/\",\"name\":\"Mentions l\u00e9gales - St\u00e9phanie Ayurv\u00e9da\",\"isPartOf\":{\"@id\":\"https:\/\/stephanie-ayurveda.fr\/#website\"},\"datePublished\":\"2023-07-21T08:48:50+00:00\",\"dateModified\":\"2023-10-04T19:32:41+00:00\",\"breadcrumb\":{\"@id\":\"https:\/\/stephanie-ayurveda.fr\/index.php\/mentions-legales\/#breadcrumb\"},\"inLanguage\":\"fr-FR\",\"potentialAction\":[{\"@type\":\"ReadAction\",\"target\":[\"https:\/\/stephanie-ayurveda.fr\/index.php\/mentions-legales\/\"]}]},{\"@type\":\"BreadcrumbList\",\"@id\":\"https:\/\/stephanie-ayurveda.fr\/index.php\/mentions-legales\/#breadcrumb\",\"itemListElement\":[{\"@type\":\"ListItem\",\"position\":1,\"name\":\"Accueil\",\"item\":\"https:\/\/stephanie-ayurveda.fr\/\"},{\"@type\":\"ListItem\",\"position\":2,\"name\":\"Mentions l\u00e9gales\"}]},{\"@type\":\"WebSite\",\"@id\":\"https:\/\/stephanie-ayurveda.fr\/#website\",\"url\":\"https:\/\/stephanie-ayurveda.fr\/\",\"name\":\"St\u00e9phanie Ayurv\u00e9da\",\"description\":\"Massages Ayurv\u00e9diques\",\"publisher\":{\"@id\":\"https:\/\/stephanie-ayurveda.fr\/#organization\"},\"potentialAction\":[{\"@type\":\"SearchAction\",\"target\":{\"@type\":\"EntryPoint\",\"urlTemplate\":\"https:\/\/stephanie-ayurveda.fr\/?s={search_term_string}\"},\"query-input\":\"required name=search_term_string\"}],\"inLanguage\":\"fr-FR\"},{\"@type\":\"Organization\",\"@id\":\"https:\/\/stephanie-ayurveda.fr\/#organization\",\"name\":\"St\u00e9phanie Ayurv\u00e9da\",\"url\":\"https:\/\/stephanie-ayurveda.fr\/\",\"logo\":{\"@type\":\"ImageObject\",\"inLanguage\":\"fr-FR\",\"@id\":\"https:\/\/stephanie-ayurveda.fr\/#\/schema\/logo\/image\/\",\"url\":\"https:\/\/stephanie-ayurveda.fr\/wp-content\/uploads\/2023\/07\/logo.png\",\"contentUrl\":\"https:\/\/stephanie-ayurveda.fr\/wp-content\/uploads\/2023\/07\/logo.png\",\"width\":500,\"height\":500,\"caption\":\"St\u00e9phanie Ayurv\u00e9da\"},\"image\":{\"@id\":\"https:\/\/stephanie-ayurveda.fr\/#\/schema\/logo\/image\/\"},\"sameAs\":[\"https:\/\/www.facebook.com\/StephanieAyurveda\",\"https:\/\/www.instagram.com\/stephanie_ayurveda\/\"]}]}<\/script>\n<!-- \/ Yoast SEO plugin. -->","yoast_head_json":{"title":"Mentions l\u00e9gales - St\u00e9phanie Ayurv\u00e9da","robots":{"index":"noindex","follow":"nofollow"},"og_locale":"fr_FR","og_type":"article","og_title":"Mentions l\u00e9gales - St\u00e9phanie Ayurv\u00e9da","og_description":"Mentions L\u00e9gales Nom du site : stephanie-ayurveda.fr Responsable du site : St\u00e9phanie Gody Adresse : 390 chemin des pr\u00e8s neufs, 26780 Allan T\u00e9l\u00e9phone : 06.63.04.55.45 Adresse e-mail : godystephanie@gmail.com Num\u00e9ro SIRET : 79058151600024 H\u00e9bergeur :&nbsp;OVH, 2 RUE KELLERMANN 59100 ROUBAIX Propri\u00e9t\u00e9 intellectuelle : Tous les \u00e9l\u00e9ments du site stephanie-ayurveda.fr, qu&rsquo;ils soient visuels ou sonores, y [&hellip;]","og_url":"https:\/\/stephanie-ayurveda.fr\/index.php\/mentions-legales\/","og_site_name":"St\u00e9phanie Ayurv\u00e9da","article_publisher":"https:\/\/www.facebook.com\/StephanieAyurveda","article_modified_time":"2023-10-04T19:32:41+00:00","twitter_card":"summary_large_image","twitter_misc":{"Dur\u00e9e de lecture estim\u00e9e":"2 minutes"},"schema":{"@context":"https:\/\/schema.org","@graph":[{"@type":"WebPage","@id":"https:\/\/stephanie-ayurveda.fr\/index.php\/mentions-legales\/","url":"https:\/\/stephanie-ayurveda.fr\/index.php\/mentions-legales\/","name":"Mentions l\u00e9gales - St\u00e9phanie Ayurv\u00e9da","isPartOf":{"@id":"https:\/\/stephanie-ayurveda.fr\/#website"},"datePublished":"2023-07-21T08:48:50+00:00","dateModified":"2023-10-04T19:32:41+00:00","breadcrumb":{"@id":"https:\/\/stephanie-ayurveda.fr\/index.php\/mentions-legales\/#breadcrumb"},"inLanguage":"fr-FR","potentialAction":[{"@type":"ReadAction","target":["https:\/\/stephanie-ayurveda.fr\/index.php\/mentions-legales\/"]}]},{"@type":"BreadcrumbList","@id":"https:\/\/stephanie-ayurveda.fr\/index.php\/mentions-legales\/#breadcrumb","itemListElement":[{"@type":"ListItem","position":1,"name":"Accueil","item":"https:\/\/stephanie-ayurveda.fr\/"},{"@type":"ListItem","position":2,"name":"Mentions l\u00e9gales"}]},{"@type":"WebSite","@id":"https:\/\/stephanie-ayurveda.fr\/#website","url":"https:\/\/stephanie-ayurveda.fr\/","name":"St\u00e9phanie Ayurv\u00e9da","description":"Massages Ayurv\u00e9diques","publisher":{"@id":"https:\/\/stephanie-ayurveda.fr\/#organization"},"potentialAction":[{"@type":"SearchAction","target":{"@type":"EntryPoint","urlTemplate":"https:\/\/stephanie-ayurveda.fr\/?s={search_term_string}"},"query-input":"required name=search_term_string"}],"inLanguage":"fr-FR"},{"@type":"Organization","@id":"https:\/\/stephanie-ayurveda.fr\/#organization","name":"St\u00e9phanie Ayurv\u00e9da","url":"https:\/\/stephanie-ayurveda.fr\/","logo":{"@type":"ImageObject","inLanguage":"fr-FR","@id":"https:\/\/stephanie-ayurveda.fr\/#\/schema\/logo\/image\/","url":"https:\/\/stephanie-ayurveda.fr\/wp-content\/uploads\/2023\/07\/logo.png","contentUrl":"https:\/\/stephanie-ayurveda.fr\/wp-content\/uploads\/2023\/07\/logo.png","width":500,"height":500,"caption":"St\u00e9phanie Ayurv\u00e9da"},"image":{"@id":"https:\/\/stephanie-ayurveda.fr\/#\/schema\/logo\/image\/"},"sameAs":["https:\/\/www.facebook.com\/StephanieAyurveda","https:\/\/www.instagram.com\/stephanie_ayurveda\/"]}]}},"_links":{"self":[{"href":"https:\/\/stephanie-ayurveda.fr\/index.php\/wp-json\/wp\/v2\/pages\/478","targetHints":{"allow":["GET"]}}],"collection":[{"href":"https:\/\/stephanie-ayurveda.fr\/index.php\/wp-json\/wp\/v2\/pages"}],"about":[{"href":"https:\/\/stephanie-ayurveda.fr\/index.php\/wp-json\/wp\/v2\/types\/page"}],"author":[{"embeddable":true,"href":"https:\/\/stephanie-ayurveda.fr\/index.php\/wp-json\/wp\/v2\/users\/1"}],"replies":[{"embeddable":true,"href":"https:\/\/stephanie-ayurveda.fr\/index.php\/wp-json\/wp\/v2\/comments?post=478"}],"version-history":[{"count":7,"href":"https:\/\/stephanie-ayurveda.fr\/index.php\/wp-json\/wp\/v2\/pages\/478\/revisions"}],"predecessor-version":[{"id":843,"href":"https:\/\/stephanie-ayurveda.fr\/index.php\/wp-json\/wp\/v2\/pages\/478\/revisions\/843"}],"wp:attachment":[{"href":"https:\/\/stephanie-ayurveda.fr\/index.php\/wp-json\/wp\/v2\/media?parent=478"}],"curies":[{"name":"wp","href":"https:\/\/api.w.org\/{rel}","templated":true}]}}